{"id":99,"date":"2021-10-04T12:08:03","date_gmt":"2021-10-04T10:08:03","guid":{"rendered":"https:\/\/sekiryu.wpengine.com\/?page_id=99"},"modified":"2024-03-08T14:29:32","modified_gmt":"2024-03-08T13:29:32","slug":"personvernerklaering","status":"publish","type":"page","link":"https:\/\/sekiryu.no\/sv\/personvernerklaering\/","title":{"rendered":"Personvern &#038; Cookies"},"content":{"rendered":"<p>V\u00e5r personvernerkl\u00e6ring er utarbeidet som f\u00f8lge av Personopplysningsloven, som regulerer innsamling, lagring, sammenstilling, utlevering og annen behandling av personopplysninger. Datatilsynet f\u00f8rer tilsyn med loven, som stiller krav til blant annet konfidensialitet og sikkerhet ved behandling av personopplysninger og vurderinger som kan knyttes til en fysisk person. Eksempler p\u00e5 dette er navn, bostedsadresse, telefonnummer og epostadresse. Behandlingsansvarlig hos Sekiryu er Renate L\u00f8vlid: <a href=\"mailto:Renate.Lovlid@homebrands.no\">Renate.Lovlid@homebrands.no<\/a>.<\/p>\n<h3>Om informasjon du gir til oss:<\/h3>\n<p>Vi samler og lagrer den informasjonen du selv oppgir i skjemaet. Dette er vanligvis navn, telefonnummer og e-postadresse. N\u00e5r du fyller ut og sender et skjema p\u00e5 nettsidene, lagres opplysningene du gir elektronisk. Dette skal gi\u00a0oss\u00a0muligheten til \u00e5 sikre at du mottar informasjonen du sp\u00f8r etter. Du m\u00e5 ogs\u00e5 aktivt gi samtykke for at vi skal kunne sende deg mer informasjon, s\u00e5 du vil ikke bli kontaktet uten at vi f\u00e5r din tillatelse.<\/p>\n<p>Om form\u00e5let med innsamlingen:<\/p>\n<ul>\n<li>Forbedre opplevelsen din n\u00e5r du bruker nettsiden v\u00e5r.<\/li>\n<li>Tilpasse kommunikasjonen vi sender deg p\u00e5 e-post etter at du har fylt ut et skjema p\u00e5 nettsiden v\u00e5r.<\/li>\n<li>Sende deg informasjon som du ber om (markedsf\u00f8ringsmateriell. fremdriftsplaner, sjekklister, fremdriftsplaner, artikler, tilbud o.l), relatert til ditt prosjekt, bransje eller interesse.<\/li>\n<\/ul>\n<hr \/>\n<h3>Om analyseverkt\u00f8y p\u00e5 www.sekiryu.no:<\/h3>\n<ul>\n<li>Google Analytics samler inn informasjon om bruksm\u00f8nsteret p\u00e5 v\u00e5r nettside. blant annet hvilke sider brukeren kommer fra, hvilke sider som bes\u00f8kes, hvilken kilde du kom fra, lengde p\u00e5 bruker\u00f8kt, og antall ganger brukeren har bes\u00f8kt nettstedet.<\/li>\n<li>Cookies fra Google blir brukt i forbindelse med hvilke s\u00f8keord du s\u00f8ker p\u00e5, og hvilke lenker du klikker p\u00e5.<\/li>\n<\/ul>\n<hr \/>\n<h3>Om dine personopplysninger hos Sekiryu:<\/h3>\n<p>Sekiryu formidler ikke personopplysninger til tredjepart uten at du har gitt spesifikt samtykke til det. Retningslinjene dekker hvordan vi bruker dine personlige opplysninger. Vi tar personvern p\u00e5 alvor og vil ta alle forholdsregler for \u00e5 beskytte dine personlige opplysninger. All personlig informasjon vil kun bli brukt til \u00e5 oppfylle din eventuelle bestilling, kan brukes til interne analyseform\u00e5l og vil bli lagret s\u00e5 lenge det er form\u00e5lstjenlig.<\/p>\n<hr \/>\n<h3>Om samtykke:<\/h3>\n<p>Vi kontakter ingen uten at de aktivt har oppgitt samtykke til \u00e5 motta informasjon. Et slikt samtykke ber vi om i kontaktskjemaet p\u00e5 v\u00e5r nettside. Dette samtykket kan til enhver tid trekkes tilbake ved ved \u00e5 sende en mail til <a href=\"mailto:Renate.Lovlid@homebrands.no\">Renate.Lovlid@homebrands.no<\/a>.<\/p>\n<hr \/>\n<h3>Om retten til innsyn, sletting og klage:<\/h3>\n<p>Du kan til enhver tid be om innsyn dersom du lurer p\u00e5 hvilken informasjon vi har lagret om deg, eller sletting av all informasjon. Du kan ogs\u00e5 trekke tilbake ditt samtykke. Hvis du \u00f8nsker \u00e5 benytte deg av disse rettighetene kan du sende en e-post til <a href=\"mailto:Renate.Lovlid@homebrands.no\">Renate.Lovlid@homebrands.no<\/a>.<\/p>\n<hr \/>\n<h3>Om endringer:<\/h3>\n<p>V\u00e5r personvernerkl\u00e6ring kan bli endret dersom gjeldende praksis krever det, krav i lovverket endres eller at v\u00e5r egen praksis for innsamling og behandling av data endres.<\/p>\n<p>Datatilsynets jobb er \u00e5 kontrollere at personvernregelverket blir fulgt. Dersom du opplever noe du mener er et brudd p\u00e5 regelverket, kan du sende inn en skriftlig henvendelse til Datatilsynets postadresse: Datatilsynet, Postboks 8177, 0034 OSLO<\/p>\n<hr \/>\n<h3>Om informasjonskapsler (cookies):<\/h3>\n<p>Informasjonskapsler er en standard teknologi som stort sett alle nettsider bruker i dag. Informasjonskapsler er sm\u00e5 tekstfiler som plasseres p\u00e5 din datamaskin n\u00e5r du laster ned en nettside. De skal i de fleste tilfellene gi deg en bedre bruksopplevelse. Ved \u00e5 bruke www.sekiryu.no samtykker du at det benyttes informasjonskapsler i din nettleser.<\/p>\n<p>Informasjon om typer informasjonskapsler som brukes p\u00e5 nettstedet www.sekiryu.no. og litt om hvordan de brukes:<\/p>\n<h5>Session cookies (midlertidige informasjonskapsler)<\/h5>\n<p>Disse informasjonskapslene brukes til \u00e5 lagre informasjon midlertidig gjennom \u00e9n \u00f8kt, og slettes n\u00e5r du lukker nettelseren. Midlertidige informasjonskapsler gj\u00f8r det mulig \u00e5 f\u00f8lge med p\u00e5 hvordan brukere navigerer rundt p\u00e5 nettstedet, slik at de ikke blir spurt om \u00e5 oppgi samme informasjon flere ganger.<\/p>\n<h5>Form cookies (Skjemaverdi-informasjonskapsler)<\/h5>\n<p>Disse informasjonskapslene lagrer informasjon midlertidig til brukeren har fylt ut skjemaet. De lagrede dataene brukes kun til \u00e5 legge inn informasjonen i skjemaet p\u00e5 nytt dersom brukeren ikke best\u00e5r SPAM-sjekken eller ikke har fylt ut n\u00f8dvendige felter i skjemaet.<\/p>\n<h5>Persistent cookies (Faste informasjonskapsler)<\/h5>\n<p>Faste informasjonskapsler slettes ikke etter endt nettlesersesjon og tillater at nettstedet gjenkjenner din datamaskin. Disse kan eksempelvis inneholde informasjon om autentisering, spr\u00e5kinnstillinger og menypreferanser. Faste informasjonskapsler kan slettes manuelt i nettleseren under innstillingene for personvern.<\/p>","protected":false},"excerpt":{"rendered":"<p>V\u00e5r personvernerkl\u00e6ring er utarbeidet som f\u00f8lge av Personopplysningsloven, som regulerer innsamling, lagring, sammenstilling, utlevering og annen behandling av personopplysninger. Datatilsynet f\u00f8rer tilsyn med loven, som stiller krav til blant annet konfidensialitet og sikkerhet ved behandling av personopplysninger og vurderinger som kan knyttes til en fysisk person. Eksempler p\u00e5 dette er navn, bostedsadresse, telefonnummer og epostadresse. [&hellip;]<\/p>\n","protected":false},"author":1,"featured_media":0,"parent":0,"menu_order":0,"comment_status":"closed","ping_status":"closed","template":"","meta":{"_acf_changed":false,"footnotes":"","_links_to":"","_links_to_target":""},"class_list":["post-99","page","type-page","status-publish","hentry"],"acf":[],"yoast_head":"<!-- This site is optimized with the Yoast SEO plugin v27.3 - https:\/\/yoast.com\/product\/yoast-seo-wordpress\/ -->\n<title>Personvern &amp; Cookies &#8212; Sekiryu<\/title>\n<meta name=\"robots\" content=\"index, follow, max-snippet:-1, max-image-preview:large, max-video-preview:-1\" \/>\n<link rel=\"canonical\" href=\"https:\/\/sekiryu.no\/sv\/personvernerklaering\/\" \/>\n<meta property=\"og:locale\" content=\"sv_SE\" \/>\n<meta property=\"og:type\" content=\"article\" \/>\n<meta property=\"og:title\" content=\"Personvern &amp; Cookies &#8212; Sekiryu\" \/>\n<meta property=\"og:description\" content=\"V\u00e5r personvernerkl\u00e6ring er utarbeidet som f\u00f8lge av Personopplysningsloven, som regulerer innsamling, lagring, sammenstilling, utlevering og annen behandling av personopplysninger. Datatilsynet f\u00f8rer tilsyn med loven, som stiller krav til blant annet konfidensialitet og sikkerhet ved behandling av personopplysninger og vurderinger som kan knyttes til en fysisk person. Eksempler p\u00e5 dette er navn, bostedsadresse, telefonnummer og epostadresse. [&hellip;]\" \/>\n<meta property=\"og:url\" content=\"https:\/\/sekiryu.no\/sv\/personvernerklaering\/\" \/>\n<meta property=\"og:site_name\" content=\"Sekiryu\" \/>\n<meta property=\"article:modified_time\" content=\"2024-03-08T13:29:32+00:00\" \/>\n<meta property=\"og:image\" content=\"https:\/\/sekiryu.no\/wp-content\/uploads\/2023\/09\/crop_fe5_u8L0_33c09e7c-36dd-46da-afb0-3a5f1d757487.jpg\" \/>\n\t<meta property=\"og:image:width\" content=\"2000\" \/>\n\t<meta property=\"og:image:height\" content=\"1333\" \/>\n\t<meta property=\"og:image:type\" content=\"image\/jpeg\" \/>\n<meta name=\"twitter:card\" content=\"summary_large_image\" \/>\n<meta name=\"twitter:label1\" content=\"Ber\u00e4knad l\u00e4stid\" \/>\n\t<meta name=\"twitter:data1\" content=\"4 minuter\" \/>\n<script type=\"application\/ld+json\" class=\"yoast-schema-graph\">{\"@context\":\"https:\\\/\\\/schema.org\",\"@graph\":[{\"@type\":\"WebPage\",\"@id\":\"https:\\\/\\\/sekiryu.no\\\/personvernerklaering\\\/\",\"url\":\"https:\\\/\\\/sekiryu.no\\\/personvernerklaering\\\/\",\"name\":\"Personvern & Cookies &#8212; Sekiryu\",\"isPartOf\":{\"@id\":\"https:\\\/\\\/sekiryu.no\\\/#website\"},\"datePublished\":\"2021-10-04T10:08:03+00:00\",\"dateModified\":\"2024-03-08T13:29:32+00:00\",\"breadcrumb\":{\"@id\":\"https:\\\/\\\/sekiryu.no\\\/personvernerklaering\\\/#breadcrumb\"},\"inLanguage\":\"sv-SE\",\"potentialAction\":[{\"@type\":\"ReadAction\",\"target\":[\"https:\\\/\\\/sekiryu.no\\\/personvernerklaering\\\/\"]}]},{\"@type\":\"BreadcrumbList\",\"@id\":\"https:\\\/\\\/sekiryu.no\\\/personvernerklaering\\\/#breadcrumb\",\"itemListElement\":[{\"@type\":\"ListItem\",\"position\":1,\"name\":\"Home\",\"item\":\"https:\\\/\\\/sekiryu.no\\\/\"},{\"@type\":\"ListItem\",\"position\":2,\"name\":\"Personvern &#038; Cookies\"}]},{\"@type\":\"WebSite\",\"@id\":\"https:\\\/\\\/sekiryu.no\\\/#website\",\"url\":\"https:\\\/\\\/sekiryu.no\\\/\",\"name\":\"Sekiryu\",\"description\":\"Japanske kj\u00f8kkenkniver av ypperste kvalitet.\",\"publisher\":{\"@id\":\"https:\\\/\\\/sekiryu.no\\\/#organization\"},\"potentialAction\":[{\"@type\":\"SearchAction\",\"target\":{\"@type\":\"EntryPoint\",\"urlTemplate\":\"https:\\\/\\\/sekiryu.no\\\/?s={search_term_string}\"},\"query-input\":{\"@type\":\"PropertyValueSpecification\",\"valueRequired\":true,\"valueName\":\"search_term_string\"}}],\"inLanguage\":\"sv-SE\"},{\"@type\":\"Organization\",\"@id\":\"https:\\\/\\\/sekiryu.no\\\/#organization\",\"name\":\"Sekiryu\",\"url\":\"https:\\\/\\\/sekiryu.no\\\/\",\"logo\":{\"@type\":\"ImageObject\",\"inLanguage\":\"sv-SE\",\"@id\":\"https:\\\/\\\/sekiryu.no\\\/#\\\/schema\\\/logo\\\/image\\\/\",\"url\":\"https:\\\/\\\/sekiryu.no\\\/wp-content\\\/uploads\\\/2021\\\/09\\\/sekiryu-logo-pos.svg\",\"contentUrl\":\"https:\\\/\\\/sekiryu.no\\\/wp-content\\\/uploads\\\/2021\\\/09\\\/sekiryu-logo-pos.svg\",\"width\":144,\"height\":51,\"caption\":\"Sekiryu\"},\"image\":{\"@id\":\"https:\\\/\\\/sekiryu.no\\\/#\\\/schema\\\/logo\\\/image\\\/\"},\"sameAs\":[\"https:\\\/\\\/www.youtube.com\\\/@sekiryuknives\"]}]}<\/script>\n<!-- \/ Yoast SEO plugin. -->","yoast_head_json":{"title":"Personvern & Cookies &#8212; Sekiryu","robots":{"index":"index","follow":"follow","max-snippet":"max-snippet:-1","max-image-preview":"max-image-preview:large","max-video-preview":"max-video-preview:-1"},"canonical":"https:\/\/sekiryu.no\/sv\/personvernerklaering\/","og_locale":"sv_SE","og_type":"article","og_title":"Personvern & Cookies &#8212; Sekiryu","og_description":"V\u00e5r personvernerkl\u00e6ring er utarbeidet som f\u00f8lge av Personopplysningsloven, som regulerer innsamling, lagring, sammenstilling, utlevering og annen behandling av personopplysninger. Datatilsynet f\u00f8rer tilsyn med loven, som stiller krav til blant annet konfidensialitet og sikkerhet ved behandling av personopplysninger og vurderinger som kan knyttes til en fysisk person. Eksempler p\u00e5 dette er navn, bostedsadresse, telefonnummer og epostadresse. [&hellip;]","og_url":"https:\/\/sekiryu.no\/sv\/personvernerklaering\/","og_site_name":"Sekiryu","article_modified_time":"2024-03-08T13:29:32+00:00","og_image":[{"width":2000,"height":1333,"url":"https:\/\/sekiryu.no\/wp-content\/uploads\/2023\/09\/crop_fe5_u8L0_33c09e7c-36dd-46da-afb0-3a5f1d757487.jpg","type":"image\/jpeg"}],"twitter_card":"summary_large_image","twitter_misc":{"Ber\u00e4knad l\u00e4stid":"4 minuter"},"schema":{"@context":"https:\/\/schema.org","@graph":[{"@type":"WebPage","@id":"https:\/\/sekiryu.no\/personvernerklaering\/","url":"https:\/\/sekiryu.no\/personvernerklaering\/","name":"Personvern & Cookies &#8212; Sekiryu","isPartOf":{"@id":"https:\/\/sekiryu.no\/#website"},"datePublished":"2021-10-04T10:08:03+00:00","dateModified":"2024-03-08T13:29:32+00:00","breadcrumb":{"@id":"https:\/\/sekiryu.no\/personvernerklaering\/#breadcrumb"},"inLanguage":"sv-SE","potentialAction":[{"@type":"ReadAction","target":["https:\/\/sekiryu.no\/personvernerklaering\/"]}]},{"@type":"BreadcrumbList","@id":"https:\/\/sekiryu.no\/personvernerklaering\/#breadcrumb","itemListElement":[{"@type":"ListItem","position":1,"name":"Home","item":"https:\/\/sekiryu.no\/"},{"@type":"ListItem","position":2,"name":"Personvern &#038; Cookies"}]},{"@type":"WebSite","@id":"https:\/\/sekiryu.no\/#website","url":"https:\/\/sekiryu.no\/","name":"Sekiryu","description":"Japanska k\u00f6ksknivar av h\u00f6gsta kvalitet.","publisher":{"@id":"https:\/\/sekiryu.no\/#organization"},"potentialAction":[{"@type":"SearchAction","target":{"@type":"EntryPoint","urlTemplate":"https:\/\/sekiryu.no\/?s={search_term_string}"},"query-input":{"@type":"PropertyValueSpecification","valueRequired":true,"valueName":"search_term_string"}}],"inLanguage":"sv-SE"},{"@type":"Organization","@id":"https:\/\/sekiryu.no\/#organization","name":"Sekiryu","url":"https:\/\/sekiryu.no\/","logo":{"@type":"ImageObject","inLanguage":"sv-SE","@id":"https:\/\/sekiryu.no\/#\/schema\/logo\/image\/","url":"https:\/\/sekiryu.no\/wp-content\/uploads\/2021\/09\/sekiryu-logo-pos.svg","contentUrl":"https:\/\/sekiryu.no\/wp-content\/uploads\/2021\/09\/sekiryu-logo-pos.svg","width":144,"height":51,"caption":"Sekiryu"},"image":{"@id":"https:\/\/sekiryu.no\/#\/schema\/logo\/image\/"},"sameAs":["https:\/\/www.youtube.com\/@sekiryuknives"]}]}},"_links":{"self":[{"href":"https:\/\/sekiryu.no\/sv\/wp-json\/wp\/v2\/pages\/99","targetHints":{"allow":["GET"]}}],"collection":[{"href":"https:\/\/sekiryu.no\/sv\/wp-json\/wp\/v2\/pages"}],"about":[{"href":"https:\/\/sekiryu.no\/sv\/wp-json\/wp\/v2\/types\/page"}],"author":[{"embeddable":true,"href":"https:\/\/sekiryu.no\/sv\/wp-json\/wp\/v2\/users\/1"}],"replies":[{"embeddable":true,"href":"https:\/\/sekiryu.no\/sv\/wp-json\/wp\/v2\/comments?post=99"}],"version-history":[{"count":0,"href":"https:\/\/sekiryu.no\/sv\/wp-json\/wp\/v2\/pages\/99\/revisions"}],"wp:attachment":[{"href":"https:\/\/sekiryu.no\/sv\/wp-json\/wp\/v2\/media?parent=99"}],"curies":[{"name":"wp","href":"https:\/\/api.w.org\/{rel}","templated":true}]}}