{"id":323,"date":"2023-09-01T14:54:19","date_gmt":"2023-09-01T12:54:19","guid":{"rendered":"https:\/\/sekiryu.no\/?page_id=323"},"modified":"2024-11-01T10:45:58","modified_gmt":"2024-11-01T09:45:58","slug":"ambassadorer","status":"publish","type":"page","link":"https:\/\/sekiryu.no\/sv\/ambassadorer\/","title":{"rendered":"Ambassad\u00f6rer"},"content":{"rendered":"<h2>Runa Kvendseth (NO)<\/h2>\n<div class=\"page\" title=\"Page 4\">\n<div class=\"section\">\n<div class=\"layoutArea\">\n<div class=\"column\">\n<div class=\"page\" title=\"Page 4\">\n<div class=\"section\">\n<div class=\"layoutArea\">\n<div class=\"column\">\n<p>Runa Kvendseth har en imponerande bakgrund fr\u00e5n flera av Norges topprestauranger och arbetar i dag vid Fisketorget i Stavanger. Hon spelade ocks\u00e5 en v\u00e4sentlig roll i \u00f6ppnandet av den erk\u00e4nda restaurangen Speilsalen i Trondheim.<\/p>\n<p>Kvendseth har f\u00e5tt en rad priser f\u00f6r sitt arbete och h\u00e4mtar inspiration fr\u00e5n h\u00e5llbarhet och s\u00e4songsbaserade ingredienser. Hon utnyttjar dessa resurser p\u00e5 b\u00e4sta m\u00f6jliga s\u00e4tt.<\/p>\n<\/div>\n<\/div>\n<\/div>\n<\/div>\n<\/div>\n<\/div>\n<\/div>\n<\/div>\n<h2>Aleksander Vartdal (NO)<\/h2>\n<div class=\"page\" title=\"Page 4\">\n<div class=\"section\">\n<div class=\"layoutArea\">\n<div class=\"column\">\n<div class=\"page\" title=\"Page 4\">\n<div class=\"section\">\n<div class=\"layoutArea\">\n<div class=\"column\">\n<p>Aleksander Vartdal \u00e4r en professionell kock, livsmedelskonsult och kreativ utvecklare. Han vann silver i \u00c5rets Kock 2023 och har m\u00e5nga \u00e5rs erfarenhet fr\u00e5n topprestauranger som Statholdergaarden, Sentralen, Festningen och Happolati.<\/p>\n<p>Vartdal har en passion f\u00f6r kockyrket och f\u00f6r honom handlar det om processen och gl\u00e4djen i att skapa. Att behandla tradition med respekt, men samtidigt alltid r\u00f6ra sig fram\u00e5t. D\u00e4rf\u00f6r \u00e4r utveckling avg\u00f6rande, b\u00e5de f\u00f6r honom personligen, men \u00e4ven f\u00f6r branschen han \u00e4r en del av.<\/p>\n<\/div>\n<\/div>\n<\/div>\n<\/div>\n<\/div>\n<\/div>\n<\/div>\n<\/div>\n<p>&#8212;&#8212;&#8212;&#8212;&#8212;&#8212;&#8212;&#8212;&#8212;&#8212;&#8212;&#8212;&#8212;&#8212;&#8212;&#8212;&#8212;&#8212;&#8212;&#8212;&#8212;&#8212;&#8212;&#8212;&#8212;&#8212;&#8212;&#8212;&#8212;&#8212;&#8212;&#8212;&#8212;&#8212;&#8212;&#8212;&#8212;&#8212;&#8212;&#8212;&#8212;&#8212;&#8212;&#8212;&#8212;&#8212;&#8212;&#8212;&#8212;&#8212;&#8212;&#8212;&#8212;&#8212;&#8212;&#8212;&#8212;&#8212;&#8212;&#8212;&#8212;&#8212;&#8212;&#8212;&#8212;&#8212;&#8212;&#8212;&#8212;&#8212;&#8212;&#8212;&#8212;&#8212;&#8212;&#8212;-<\/p>\n<h2>Danyel Couet (SE)<\/h2>\n<p>En kulinarisk m\u00e4stare som har utm\u00e4rkt sig med sitt unika f\u00f6rh\u00e5llningss\u00e4tt till matkonsten. Danyel \u00e4r fransk-svensk och uppvuxen i Paris, och han har medverkat i TV-program och gett ut ett flertal kokb\u00f6cker.<\/p>\n<p>Danyel Couets Paris \u00e4r \u00f6versatt till flera spr\u00e5k.<\/p>\n<p>Han blev silvermedalj\u00f6r i Bocuse d'Or. F\u00f6r n\u00e4rvarande \u00e4r Danyel \u00e4gare och manager f\u00f6r sju restauranger i Sverige. \u00c5r 2017 \u00f6ppnade han sin f\u00f6rsta egna restaurang, Allegrine, som \u00e4r uppkallad efter Danyels mormor. I januari 2019 \u00f6ppnade han tillsammans med Sebastian Thureson restaurangen Manufacture.<\/p>\n<h2>Sebastian Thureson (SE)<\/h2>\n<p style=\"font-weight: 400;\">Professionell kock som vann silver i svenska \u00c5rets Kock 2016. Har jobbat p\u00e5 flera lyxrestauranger i b\u00e5de Sverige och USA och driver nu restauranger som Allegrine och Taverna Brillo i Stockholm.<\/p>\n<p>\u2012 Mat \u00e4r en stor del av allas liv, oavsett vilket land eller kultur man kommer fr\u00e5n. Att samlas runt en m\u00e5ltid som best\u00e5r av hantverk, tradition och passion \u00e4r n\u00e5got jag str\u00e4var efter f\u00f6r alla v\u00e5ra g\u00e4ster.<\/p>\n<p>Att l\u00e5ta sig inspireras av naturen och m\u00e4nniskorna runt oss \u00e4r naturligt och b\u00f6r inta en central plats i den kreativa processen som st\u00e4ndigt p\u00e5g\u00e5r i ett restaurangk\u00f6k. Med nyt\u00e4nkande, innovation och respekt f\u00f6r tradition kan vi utveckla en h\u00e5llbar matkultur som tilltalar framtidens restaurangg\u00e4ster.<\/p>\n<p>&nbsp;<\/p>\n<p>&nbsp;<\/p>","protected":false},"excerpt":{"rendered":"<p>Runa Kvendseth (NO) Runa Kvendseth har en imponerende bakgrunn fra flere av Norges topp- restauranter og arbeider i dag ved Fisketorget i Stavanger. Hun spilte ogsa\u030a en vesentlig rolle i a\u030apningen\u00a0av den anerkjente restauranten Speilsalen i Trondheim. Kvendseth har mottatt en rekke priser for sitt arbeid og henter inspirasjon fra b\u00e6rekraftighet og sesongbaserte ingredienser. Hun [&hellip;]<\/p>\n","protected":false},"author":1,"featured_media":875,"parent":0,"menu_order":0,"comment_status":"closed","ping_status":"closed","template":"","meta":{"_acf_changed":false,"footnotes":"","_links_to":"","_links_to_target":""},"class_list":["post-323","page","type-page","status-publish","has-post-thumbnail","hentry"],"acf":[],"yoast_head":"<!-- This site is optimized with the Yoast SEO plugin v27.3 - https:\/\/yoast.com\/product\/yoast-seo-wordpress\/ -->\n<title>Ambassad\u00f8rer &#8212; Sekiryu<\/title>\n<meta name=\"robots\" content=\"index, follow, max-snippet:-1, max-image-preview:large, max-video-preview:-1\" \/>\n<link rel=\"canonical\" href=\"https:\/\/sekiryu.no\/sv\/ambassadorer\/\" \/>\n<meta property=\"og:locale\" content=\"sv_SE\" \/>\n<meta property=\"og:type\" content=\"article\" \/>\n<meta property=\"og:title\" content=\"Ambassad\u00f8rer &#8212; Sekiryu\" \/>\n<meta property=\"og:description\" content=\"Runa Kvendseth (NO) Runa Kvendseth har en imponerende bakgrunn fra flere av Norges topp- restauranter og arbeider i dag ved Fisketorget i Stavanger. Hun spilte ogsa\u030a en vesentlig rolle i a\u030apningen\u00a0av den anerkjente restauranten Speilsalen i Trondheim. Kvendseth har mottatt en rekke priser for sitt arbeid og henter inspirasjon fra b\u00e6rekraftighet og sesongbaserte ingredienser. Hun [&hellip;]\" \/>\n<meta property=\"og:url\" content=\"https:\/\/sekiryu.no\/sv\/ambassadorer\/\" \/>\n<meta property=\"og:site_name\" content=\"Sekiryu\" \/>\n<meta property=\"article:modified_time\" content=\"2024-11-01T09:45:58+00:00\" \/>\n<meta property=\"og:image\" content=\"https:\/\/sekiryu.no\/wp-content\/uploads\/2024\/11\/alle-ambassadorer.jpg\" \/>\n\t<meta property=\"og:image:width\" content=\"2500\" \/>\n\t<meta property=\"og:image:height\" content=\"1667\" \/>\n\t<meta property=\"og:image:type\" content=\"image\/jpeg\" \/>\n<meta name=\"twitter:card\" content=\"summary_large_image\" \/>\n<meta name=\"twitter:label1\" content=\"Ber\u00e4knad l\u00e4stid\" \/>\n\t<meta name=\"twitter:data1\" content=\"2 minuter\" \/>\n<script type=\"application\/ld+json\" class=\"yoast-schema-graph\">{\"@context\":\"https:\\\/\\\/schema.org\",\"@graph\":[{\"@type\":\"WebPage\",\"@id\":\"https:\\\/\\\/sekiryu.no\\\/ambassadorer\\\/\",\"url\":\"https:\\\/\\\/sekiryu.no\\\/ambassadorer\\\/\",\"name\":\"Ambassad\u00f8rer &#8212; Sekiryu\",\"isPartOf\":{\"@id\":\"https:\\\/\\\/sekiryu.no\\\/#website\"},\"primaryImageOfPage\":{\"@id\":\"https:\\\/\\\/sekiryu.no\\\/ambassadorer\\\/#primaryimage\"},\"image\":{\"@id\":\"https:\\\/\\\/sekiryu.no\\\/ambassadorer\\\/#primaryimage\"},\"thumbnailUrl\":\"https:\\\/\\\/sekiryu.no\\\/wp-content\\\/uploads\\\/2024\\\/11\\\/alle-ambassadorer.jpg\",\"datePublished\":\"2023-09-01T12:54:19+00:00\",\"dateModified\":\"2024-11-01T09:45:58+00:00\",\"breadcrumb\":{\"@id\":\"https:\\\/\\\/sekiryu.no\\\/ambassadorer\\\/#breadcrumb\"},\"inLanguage\":\"sv-SE\",\"potentialAction\":[{\"@type\":\"ReadAction\",\"target\":[\"https:\\\/\\\/sekiryu.no\\\/ambassadorer\\\/\"]}]},{\"@type\":\"ImageObject\",\"inLanguage\":\"sv-SE\",\"@id\":\"https:\\\/\\\/sekiryu.no\\\/ambassadorer\\\/#primaryimage\",\"url\":\"https:\\\/\\\/sekiryu.no\\\/wp-content\\\/uploads\\\/2024\\\/11\\\/alle-ambassadorer.jpg\",\"contentUrl\":\"https:\\\/\\\/sekiryu.no\\\/wp-content\\\/uploads\\\/2024\\\/11\\\/alle-ambassadorer.jpg\",\"width\":2500,\"height\":1667},{\"@type\":\"BreadcrumbList\",\"@id\":\"https:\\\/\\\/sekiryu.no\\\/ambassadorer\\\/#breadcrumb\",\"itemListElement\":[{\"@type\":\"ListItem\",\"position\":1,\"name\":\"Home\",\"item\":\"https:\\\/\\\/sekiryu.no\\\/\"},{\"@type\":\"ListItem\",\"position\":2,\"name\":\"Ambassad\u00f8rer\"}]},{\"@type\":\"WebSite\",\"@id\":\"https:\\\/\\\/sekiryu.no\\\/#website\",\"url\":\"https:\\\/\\\/sekiryu.no\\\/\",\"name\":\"Sekiryu\",\"description\":\"Japanske kj\u00f8kkenkniver av ypperste kvalitet.\",\"publisher\":{\"@id\":\"https:\\\/\\\/sekiryu.no\\\/#organization\"},\"potentialAction\":[{\"@type\":\"SearchAction\",\"target\":{\"@type\":\"EntryPoint\",\"urlTemplate\":\"https:\\\/\\\/sekiryu.no\\\/?s={search_term_string}\"},\"query-input\":{\"@type\":\"PropertyValueSpecification\",\"valueRequired\":true,\"valueName\":\"search_term_string\"}}],\"inLanguage\":\"sv-SE\"},{\"@type\":\"Organization\",\"@id\":\"https:\\\/\\\/sekiryu.no\\\/#organization\",\"name\":\"Sekiryu\",\"url\":\"https:\\\/\\\/sekiryu.no\\\/\",\"logo\":{\"@type\":\"ImageObject\",\"inLanguage\":\"sv-SE\",\"@id\":\"https:\\\/\\\/sekiryu.no\\\/#\\\/schema\\\/logo\\\/image\\\/\",\"url\":\"https:\\\/\\\/sekiryu.no\\\/wp-content\\\/uploads\\\/2021\\\/09\\\/sekiryu-logo-pos.svg\",\"contentUrl\":\"https:\\\/\\\/sekiryu.no\\\/wp-content\\\/uploads\\\/2021\\\/09\\\/sekiryu-logo-pos.svg\",\"width\":144,\"height\":51,\"caption\":\"Sekiryu\"},\"image\":{\"@id\":\"https:\\\/\\\/sekiryu.no\\\/#\\\/schema\\\/logo\\\/image\\\/\"},\"sameAs\":[\"https:\\\/\\\/www.youtube.com\\\/@sekiryuknives\"]}]}<\/script>\n<!-- \/ Yoast SEO plugin. -->","yoast_head_json":{"title":"Ambassad\u00f8rer &#8212; Sekiryu","robots":{"index":"index","follow":"follow","max-snippet":"max-snippet:-1","max-image-preview":"max-image-preview:large","max-video-preview":"max-video-preview:-1"},"canonical":"https:\/\/sekiryu.no\/sv\/ambassadorer\/","og_locale":"sv_SE","og_type":"article","og_title":"Ambassad\u00f8rer &#8212; Sekiryu","og_description":"Runa Kvendseth (NO) Runa Kvendseth har en imponerende bakgrunn fra flere av Norges topp- restauranter og arbeider i dag ved Fisketorget i Stavanger. Hun spilte ogsa\u030a en vesentlig rolle i a\u030apningen\u00a0av den anerkjente restauranten Speilsalen i Trondheim. Kvendseth har mottatt en rekke priser for sitt arbeid og henter inspirasjon fra b\u00e6rekraftighet og sesongbaserte ingredienser. Hun [&hellip;]","og_url":"https:\/\/sekiryu.no\/sv\/ambassadorer\/","og_site_name":"Sekiryu","article_modified_time":"2024-11-01T09:45:58+00:00","og_image":[{"width":2500,"height":1667,"url":"https:\/\/sekiryu.no\/wp-content\/uploads\/2024\/11\/alle-ambassadorer.jpg","type":"image\/jpeg"}],"twitter_card":"summary_large_image","twitter_misc":{"Ber\u00e4knad l\u00e4stid":"2 minuter"},"schema":{"@context":"https:\/\/schema.org","@graph":[{"@type":"WebPage","@id":"https:\/\/sekiryu.no\/ambassadorer\/","url":"https:\/\/sekiryu.no\/ambassadorer\/","name":"Ambassad\u00f8rer &#8212; Sekiryu","isPartOf":{"@id":"https:\/\/sekiryu.no\/#website"},"primaryImageOfPage":{"@id":"https:\/\/sekiryu.no\/ambassadorer\/#primaryimage"},"image":{"@id":"https:\/\/sekiryu.no\/ambassadorer\/#primaryimage"},"thumbnailUrl":"https:\/\/sekiryu.no\/wp-content\/uploads\/2024\/11\/alle-ambassadorer.jpg","datePublished":"2023-09-01T12:54:19+00:00","dateModified":"2024-11-01T09:45:58+00:00","breadcrumb":{"@id":"https:\/\/sekiryu.no\/ambassadorer\/#breadcrumb"},"inLanguage":"sv-SE","potentialAction":[{"@type":"ReadAction","target":["https:\/\/sekiryu.no\/ambassadorer\/"]}]},{"@type":"ImageObject","inLanguage":"sv-SE","@id":"https:\/\/sekiryu.no\/ambassadorer\/#primaryimage","url":"https:\/\/sekiryu.no\/wp-content\/uploads\/2024\/11\/alle-ambassadorer.jpg","contentUrl":"https:\/\/sekiryu.no\/wp-content\/uploads\/2024\/11\/alle-ambassadorer.jpg","width":2500,"height":1667},{"@type":"BreadcrumbList","@id":"https:\/\/sekiryu.no\/ambassadorer\/#breadcrumb","itemListElement":[{"@type":"ListItem","position":1,"name":"Home","item":"https:\/\/sekiryu.no\/"},{"@type":"ListItem","position":2,"name":"Ambassad\u00f8rer"}]},{"@type":"WebSite","@id":"https:\/\/sekiryu.no\/#website","url":"https:\/\/sekiryu.no\/","name":"Sekiryu","description":"Japanska k\u00f6ksknivar av h\u00f6gsta kvalitet.","publisher":{"@id":"https:\/\/sekiryu.no\/#organization"},"potentialAction":[{"@type":"SearchAction","target":{"@type":"EntryPoint","urlTemplate":"https:\/\/sekiryu.no\/?s={search_term_string}"},"query-input":{"@type":"PropertyValueSpecification","valueRequired":true,"valueName":"search_term_string"}}],"inLanguage":"sv-SE"},{"@type":"Organization","@id":"https:\/\/sekiryu.no\/#organization","name":"Sekiryu","url":"https:\/\/sekiryu.no\/","logo":{"@type":"ImageObject","inLanguage":"sv-SE","@id":"https:\/\/sekiryu.no\/#\/schema\/logo\/image\/","url":"https:\/\/sekiryu.no\/wp-content\/uploads\/2021\/09\/sekiryu-logo-pos.svg","contentUrl":"https:\/\/sekiryu.no\/wp-content\/uploads\/2021\/09\/sekiryu-logo-pos.svg","width":144,"height":51,"caption":"Sekiryu"},"image":{"@id":"https:\/\/sekiryu.no\/#\/schema\/logo\/image\/"},"sameAs":["https:\/\/www.youtube.com\/@sekiryuknives"]}]}},"_links":{"self":[{"href":"https:\/\/sekiryu.no\/sv\/wp-json\/wp\/v2\/pages\/323","targetHints":{"allow":["GET"]}}],"collection":[{"href":"https:\/\/sekiryu.no\/sv\/wp-json\/wp\/v2\/pages"}],"about":[{"href":"https:\/\/sekiryu.no\/sv\/wp-json\/wp\/v2\/types\/page"}],"author":[{"embeddable":true,"href":"https:\/\/sekiryu.no\/sv\/wp-json\/wp\/v2\/users\/1"}],"replies":[{"embeddable":true,"href":"https:\/\/sekiryu.no\/sv\/wp-json\/wp\/v2\/comments?post=323"}],"version-history":[{"count":3,"href":"https:\/\/sekiryu.no\/sv\/wp-json\/wp\/v2\/pages\/323\/revisions"}],"predecessor-version":[{"id":877,"href":"https:\/\/sekiryu.no\/sv\/wp-json\/wp\/v2\/pages\/323\/revisions\/877"}],"wp:featuredmedia":[{"embeddable":true,"href":"https:\/\/sekiryu.no\/sv\/wp-json\/wp\/v2\/media\/875"}],"wp:attachment":[{"href":"https:\/\/sekiryu.no\/sv\/wp-json\/wp\/v2\/media?parent=323"}],"curies":[{"name":"wp","href":"https:\/\/api.w.org\/{rel}","templated":true}]}}