{"id":316,"date":"2023-09-01T14:22:24","date_gmt":"2023-09-01T12:22:24","guid":{"rendered":"https:\/\/sekiryu.no\/?page_id=316"},"modified":"2024-10-04T10:06:45","modified_gmt":"2024-10-04T08:06:45","slug":"om-sekiryu","status":"publish","type":"page","link":"https:\/\/sekiryu.no\/sv\/om-sekiryu\/","title":{"rendered":"Om Sekiryu"},"content":{"rendered":"<h3>Den japanska staden Seki har i mer \u00e4n 700 \u00e5r varit k\u00e4nd som landets sv\u00e4rdcentrum.<\/h3>\n<p>H\u00e4r har man tagit sv\u00e4rd- och knivtillverkningen till perfektion och produkterna \u00e4r bland de mest v\u00e4lgjorda och h\u00e5llbara i v\u00e4rlden. Ohzawa Swords Co., Ltd., f\u00f6retaget som st\u00e5r bakom Sekiryu, b\u00f6rjade tillverka sv\u00e4rd 1974.<\/p>\n<p>\u00c5r 1990 grundades Sekiryu f\u00f6r att starta tillverkning av k\u00f6ksknivar. Den teknik som anv\u00e4nds f\u00f6r att tillverka knivarna \u00e4r densamma som anv\u00e4nds n\u00e4r man g\u00f6r samurajsv\u00e4rd. Sekiryu \u00e4r i dag en etablerad knivproducent som distribuerar knivar till cirka 45 l\u00e4nder runtom i v\u00e4rlden.<\/p>\n<p>Testa den v\u00e4rldsk\u00e4nda Sekiryu-kniven!<\/p>\n<p>&nbsp;<\/p>\n<p>&nbsp;<\/p>","protected":false},"excerpt":{"rendered":"<p>Byen Seki i Japan har v\u00e6rt kjent som Japans sverdsentrum i mer enn 700 \u00e5r. Her har man perfeksjonert sverd- og knivproduksjon til noe av det mest presise og hardf\u00f8re verden har \u00e5 by p\u00e5. Ohzawa Swords Co., Ltd., selskapet som st\u00e5r bak Sekiryu, startet med produksjon av sverd i 1974. I 1990 ble Sekiryu [&hellip;]<\/p>\n","protected":false},"author":1,"featured_media":659,"parent":0,"menu_order":0,"comment_status":"closed","ping_status":"closed","template":"","meta":{"_acf_changed":false,"footnotes":"","_links_to":"","_links_to_target":""},"class_list":["post-316","page","type-page","status-publish","has-post-thumbnail","hentry"],"acf":[],"yoast_head":"<!-- This site is optimized with the Yoast SEO plugin v27.3 - https:\/\/yoast.com\/product\/yoast-seo-wordpress\/ -->\n<title>Om Sekiryu &#8212; Sekiryu<\/title>\n<meta name=\"robots\" content=\"index, follow, max-snippet:-1, max-image-preview:large, max-video-preview:-1\" \/>\n<link rel=\"canonical\" href=\"https:\/\/sekiryu.no\/sv\/om-sekiryu\/\" \/>\n<meta property=\"og:locale\" content=\"sv_SE\" \/>\n<meta property=\"og:type\" content=\"article\" \/>\n<meta property=\"og:title\" content=\"Om Sekiryu &#8212; Sekiryu\" \/>\n<meta property=\"og:description\" content=\"Byen Seki i Japan har v\u00e6rt kjent som Japans sverdsentrum i mer enn 700 \u00e5r. Her har man perfeksjonert sverd- og knivproduksjon til noe av det mest presise og hardf\u00f8re verden har \u00e5 by p\u00e5. Ohzawa Swords Co., Ltd., selskapet som st\u00e5r bak Sekiryu, startet med produksjon av sverd i 1974. I 1990 ble Sekiryu [&hellip;]\" \/>\n<meta property=\"og:url\" content=\"https:\/\/sekiryu.no\/sv\/om-sekiryu\/\" \/>\n<meta property=\"og:site_name\" content=\"Sekiryu\" \/>\n<meta property=\"article:modified_time\" content=\"2024-10-04T08:06:45+00:00\" \/>\n<meta property=\"og:image\" content=\"https:\/\/sekiryu.no\/wp-content\/uploads\/2024\/10\/Karusell_Master_7-1.jpg\" \/>\n\t<meta property=\"og:image:width\" content=\"1536\" \/>\n\t<meta property=\"og:image:height\" content=\"1024\" \/>\n\t<meta property=\"og:image:type\" content=\"image\/jpeg\" \/>\n<meta name=\"twitter:card\" content=\"summary_large_image\" \/>\n<meta name=\"twitter:label1\" content=\"Ber\u00e4knad l\u00e4stid\" \/>\n\t<meta name=\"twitter:data1\" content=\"1 minut\" \/>\n<script type=\"application\/ld+json\" class=\"yoast-schema-graph\">{\"@context\":\"https:\\\/\\\/schema.org\",\"@graph\":[{\"@type\":\"WebPage\",\"@id\":\"https:\\\/\\\/sekiryu.no\\\/om-sekiryu\\\/\",\"url\":\"https:\\\/\\\/sekiryu.no\\\/om-sekiryu\\\/\",\"name\":\"Om Sekiryu &#8212; Sekiryu\",\"isPartOf\":{\"@id\":\"https:\\\/\\\/sekiryu.no\\\/#website\"},\"primaryImageOfPage\":{\"@id\":\"https:\\\/\\\/sekiryu.no\\\/om-sekiryu\\\/#primaryimage\"},\"image\":{\"@id\":\"https:\\\/\\\/sekiryu.no\\\/om-sekiryu\\\/#primaryimage\"},\"thumbnailUrl\":\"https:\\\/\\\/sekiryu.no\\\/wp-content\\\/uploads\\\/2024\\\/10\\\/Karusell_Master_7-1.jpg\",\"datePublished\":\"2023-09-01T12:22:24+00:00\",\"dateModified\":\"2024-10-04T08:06:45+00:00\",\"breadcrumb\":{\"@id\":\"https:\\\/\\\/sekiryu.no\\\/om-sekiryu\\\/#breadcrumb\"},\"inLanguage\":\"sv-SE\",\"potentialAction\":[{\"@type\":\"ReadAction\",\"target\":[\"https:\\\/\\\/sekiryu.no\\\/om-sekiryu\\\/\"]}]},{\"@type\":\"ImageObject\",\"inLanguage\":\"sv-SE\",\"@id\":\"https:\\\/\\\/sekiryu.no\\\/om-sekiryu\\\/#primaryimage\",\"url\":\"https:\\\/\\\/sekiryu.no\\\/wp-content\\\/uploads\\\/2024\\\/10\\\/Karusell_Master_7-1.jpg\",\"contentUrl\":\"https:\\\/\\\/sekiryu.no\\\/wp-content\\\/uploads\\\/2024\\\/10\\\/Karusell_Master_7-1.jpg\",\"width\":1536,\"height\":1024},{\"@type\":\"BreadcrumbList\",\"@id\":\"https:\\\/\\\/sekiryu.no\\\/om-sekiryu\\\/#breadcrumb\",\"itemListElement\":[{\"@type\":\"ListItem\",\"position\":1,\"name\":\"Home\",\"item\":\"https:\\\/\\\/sekiryu.no\\\/\"},{\"@type\":\"ListItem\",\"position\":2,\"name\":\"Om Sekiryu\"}]},{\"@type\":\"WebSite\",\"@id\":\"https:\\\/\\\/sekiryu.no\\\/#website\",\"url\":\"https:\\\/\\\/sekiryu.no\\\/\",\"name\":\"Sekiryu\",\"description\":\"Japanske kj\u00f8kkenkniver av ypperste kvalitet.\",\"publisher\":{\"@id\":\"https:\\\/\\\/sekiryu.no\\\/#organization\"},\"potentialAction\":[{\"@type\":\"SearchAction\",\"target\":{\"@type\":\"EntryPoint\",\"urlTemplate\":\"https:\\\/\\\/sekiryu.no\\\/?s={search_term_string}\"},\"query-input\":{\"@type\":\"PropertyValueSpecification\",\"valueRequired\":true,\"valueName\":\"search_term_string\"}}],\"inLanguage\":\"sv-SE\"},{\"@type\":\"Organization\",\"@id\":\"https:\\\/\\\/sekiryu.no\\\/#organization\",\"name\":\"Sekiryu\",\"url\":\"https:\\\/\\\/sekiryu.no\\\/\",\"logo\":{\"@type\":\"ImageObject\",\"inLanguage\":\"sv-SE\",\"@id\":\"https:\\\/\\\/sekiryu.no\\\/#\\\/schema\\\/logo\\\/image\\\/\",\"url\":\"https:\\\/\\\/sekiryu.no\\\/wp-content\\\/uploads\\\/2021\\\/09\\\/sekiryu-logo-pos.svg\",\"contentUrl\":\"https:\\\/\\\/sekiryu.no\\\/wp-content\\\/uploads\\\/2021\\\/09\\\/sekiryu-logo-pos.svg\",\"width\":144,\"height\":51,\"caption\":\"Sekiryu\"},\"image\":{\"@id\":\"https:\\\/\\\/sekiryu.no\\\/#\\\/schema\\\/logo\\\/image\\\/\"},\"sameAs\":[\"https:\\\/\\\/www.youtube.com\\\/@sekiryuknives\"]}]}<\/script>\n<!-- \/ Yoast SEO plugin. -->","yoast_head_json":{"title":"Om Sekiryu &#8212; Sekiryu","robots":{"index":"index","follow":"follow","max-snippet":"max-snippet:-1","max-image-preview":"max-image-preview:large","max-video-preview":"max-video-preview:-1"},"canonical":"https:\/\/sekiryu.no\/sv\/om-sekiryu\/","og_locale":"sv_SE","og_type":"article","og_title":"Om Sekiryu &#8212; Sekiryu","og_description":"Byen Seki i Japan har v\u00e6rt kjent som Japans sverdsentrum i mer enn 700 \u00e5r. Her har man perfeksjonert sverd- og knivproduksjon til noe av det mest presise og hardf\u00f8re verden har \u00e5 by p\u00e5. Ohzawa Swords Co., Ltd., selskapet som st\u00e5r bak Sekiryu, startet med produksjon av sverd i 1974. I 1990 ble Sekiryu [&hellip;]","og_url":"https:\/\/sekiryu.no\/sv\/om-sekiryu\/","og_site_name":"Sekiryu","article_modified_time":"2024-10-04T08:06:45+00:00","og_image":[{"width":1536,"height":1024,"url":"https:\/\/sekiryu.no\/wp-content\/uploads\/2024\/10\/Karusell_Master_7-1.jpg","type":"image\/jpeg"}],"twitter_card":"summary_large_image","twitter_misc":{"Ber\u00e4knad l\u00e4stid":"1 minut"},"schema":{"@context":"https:\/\/schema.org","@graph":[{"@type":"WebPage","@id":"https:\/\/sekiryu.no\/om-sekiryu\/","url":"https:\/\/sekiryu.no\/om-sekiryu\/","name":"Om Sekiryu &#8212; Sekiryu","isPartOf":{"@id":"https:\/\/sekiryu.no\/#website"},"primaryImageOfPage":{"@id":"https:\/\/sekiryu.no\/om-sekiryu\/#primaryimage"},"image":{"@id":"https:\/\/sekiryu.no\/om-sekiryu\/#primaryimage"},"thumbnailUrl":"https:\/\/sekiryu.no\/wp-content\/uploads\/2024\/10\/Karusell_Master_7-1.jpg","datePublished":"2023-09-01T12:22:24+00:00","dateModified":"2024-10-04T08:06:45+00:00","breadcrumb":{"@id":"https:\/\/sekiryu.no\/om-sekiryu\/#breadcrumb"},"inLanguage":"sv-SE","potentialAction":[{"@type":"ReadAction","target":["https:\/\/sekiryu.no\/om-sekiryu\/"]}]},{"@type":"ImageObject","inLanguage":"sv-SE","@id":"https:\/\/sekiryu.no\/om-sekiryu\/#primaryimage","url":"https:\/\/sekiryu.no\/wp-content\/uploads\/2024\/10\/Karusell_Master_7-1.jpg","contentUrl":"https:\/\/sekiryu.no\/wp-content\/uploads\/2024\/10\/Karusell_Master_7-1.jpg","width":1536,"height":1024},{"@type":"BreadcrumbList","@id":"https:\/\/sekiryu.no\/om-sekiryu\/#breadcrumb","itemListElement":[{"@type":"ListItem","position":1,"name":"Home","item":"https:\/\/sekiryu.no\/"},{"@type":"ListItem","position":2,"name":"Om Sekiryu"}]},{"@type":"WebSite","@id":"https:\/\/sekiryu.no\/#website","url":"https:\/\/sekiryu.no\/","name":"Sekiryu","description":"Japanska k\u00f6ksknivar av h\u00f6gsta kvalitet.","publisher":{"@id":"https:\/\/sekiryu.no\/#organization"},"potentialAction":[{"@type":"SearchAction","target":{"@type":"EntryPoint","urlTemplate":"https:\/\/sekiryu.no\/?s={search_term_string}"},"query-input":{"@type":"PropertyValueSpecification","valueRequired":true,"valueName":"search_term_string"}}],"inLanguage":"sv-SE"},{"@type":"Organization","@id":"https:\/\/sekiryu.no\/#organization","name":"Sekiryu","url":"https:\/\/sekiryu.no\/","logo":{"@type":"ImageObject","inLanguage":"sv-SE","@id":"https:\/\/sekiryu.no\/#\/schema\/logo\/image\/","url":"https:\/\/sekiryu.no\/wp-content\/uploads\/2021\/09\/sekiryu-logo-pos.svg","contentUrl":"https:\/\/sekiryu.no\/wp-content\/uploads\/2021\/09\/sekiryu-logo-pos.svg","width":144,"height":51,"caption":"Sekiryu"},"image":{"@id":"https:\/\/sekiryu.no\/#\/schema\/logo\/image\/"},"sameAs":["https:\/\/www.youtube.com\/@sekiryuknives"]}]}},"_links":{"self":[{"href":"https:\/\/sekiryu.no\/sv\/wp-json\/wp\/v2\/pages\/316","targetHints":{"allow":["GET"]}}],"collection":[{"href":"https:\/\/sekiryu.no\/sv\/wp-json\/wp\/v2\/pages"}],"about":[{"href":"https:\/\/sekiryu.no\/sv\/wp-json\/wp\/v2\/types\/page"}],"author":[{"embeddable":true,"href":"https:\/\/sekiryu.no\/sv\/wp-json\/wp\/v2\/users\/1"}],"replies":[{"embeddable":true,"href":"https:\/\/sekiryu.no\/sv\/wp-json\/wp\/v2\/comments?post=316"}],"version-history":[{"count":0,"href":"https:\/\/sekiryu.no\/sv\/wp-json\/wp\/v2\/pages\/316\/revisions"}],"wp:featuredmedia":[{"embeddable":true,"href":"https:\/\/sekiryu.no\/sv\/wp-json\/wp\/v2\/media\/659"}],"wp:attachment":[{"href":"https:\/\/sekiryu.no\/sv\/wp-json\/wp\/v2\/media?parent=316"}],"curies":[{"name":"wp","href":"https:\/\/api.w.org\/{rel}","templated":true}]}}